{"id":86,"date":"2024-09-25T07:49:12","date_gmt":"2024-09-25T05:49:12","guid":{"rendered":"https:\/\/spicer.sk\/?page_id=86"},"modified":"2024-10-11T15:45:36","modified_gmt":"2024-10-11T13:45:36","slug":"kontakt","status":"publish","type":"page","link":"https:\/\/spicer.sk\/?page_id=86","title":{"rendered":"Kontakt"},"content":{"rendered":"\n<p>\u0160picer, s.r.o.<br>Komensk\u00e9ho 2<br>909 01 Skalica<br>I\u010cO 48225797<br>I\u010cO DPH SK2120098332<\/p>\n\n\n\n<p>Mail: info@spicer.sk<br>Tel: 0944\/684663<br><\/p>\n\n\n\n<p><\/p>\n","protected":false},"excerpt":{"rendered":"<p>\u0160picer, s.r.o.Komensk\u00e9ho 2909 01 SkalicaI\u010cO 48225797I\u010cO DPH SK2120098332 Mail: info@spicer.skTel: 0944\/684663<\/p>\n","protected":false},"author":1,"featured_media":0,"parent":0,"menu_order":0,"comment_status":"closed","ping_status":"closed","template":"","meta":{"footnotes":""},"class_list":["post-86","page","type-page","status-publish","hentry"],"_links":{"self":[{"href":"https:\/\/spicer.sk\/index.php?rest_route=\/wp\/v2\/pages\/86"}],"collection":[{"href":"https:\/\/spicer.sk\/index.php?rest_route=\/wp\/v2\/pages"}],"about":[{"href":"https:\/\/spicer.sk\/index.php?rest_route=\/wp\/v2\/types\/page"}],"author":[{"embeddable":true,"href":"https:\/\/spicer.sk\/index.php?rest_route=\/wp\/v2\/users\/1"}],"replies":[{"embeddable":true,"href":"https:\/\/spicer.sk\/index.php?rest_route=%2Fwp%2Fv2%2Fcomments&post=86"}],"version-history":[{"count":2,"href":"https:\/\/spicer.sk\/index.php?rest_route=\/wp\/v2\/pages\/86\/revisions"}],"predecessor-version":[{"id":158,"href":"https:\/\/spicer.sk\/index.php?rest_route=\/wp\/v2\/pages\/86\/revisions\/158"}],"wp:attachment":[{"href":"https:\/\/spicer.sk\/index.php?rest_route=%2Fwp%2Fv2%2Fmedia&parent=86"}],"curies":[{"name":"wp","href":"https:\/\/api.w.org\/{rel}","templated":true}]}}