{"id":72,"date":"2024-09-25T06:29:11","date_gmt":"2024-09-25T04:29:11","guid":{"rendered":"https:\/\/spicer.sk\/?page_id=72"},"modified":"2024-09-25T06:30:51","modified_gmt":"2024-09-25T04:30:51","slug":"pivovar-spicer","status":"publish","type":"page","link":"http:\/\/spicer.sk\/","title":{"rendered":""},"content":{"rendered":"\n<p> je remeseln\u00fd pivovar nadv\u00e4zuj\u00faci na trad\u00edciu varenia piva v kr\u00e1\u013eovskom meste Skalici. Svoj\u00edm menom odkazuje na meno posledn\u00e9ho n\u00e1jomcu skalick\u00e9ho mestsk\u00e9ho pivovaru. Je umiestnen\u00fd v me\u0161tianskom dome na rohu ul\u00edc Kr\u00e1\u013eovsk\u00e1 a Komensk\u00e9ho, ktor\u00fd po jeho po\u017eiari postavil Eli\u00e1\u0161 Berger, dvorn\u00fd historik troch R\u00edmskych cis\u00e1rov a Uhorsk\u00fdch kr\u00e1\u013eov Rudolfa II, Mateja II a Ferdinanda II, obdaren\u00fd titulom Poeta laure\u00e1tus.<\/p>\n\n\n\n<p>Pivovar vyr\u00e1ba pestr\u00fa paletu p\u00edv, ktor\u00e9 z\u00e1kazn\u00edk m\u00f4\u017ee ochutna\u0165 v re\u0161taur\u00e1cii prisl\u00fachaj\u00facej k pivovaru.<\/p>\n\n\n\n<p>Heslom firmy je parafr\u00e1za na zn\u00e1mu skalick\u00fa glosu a znie:<\/p>\n\n\n\n<p><br>Pivo pro V\u00e1s, enem od n\u00e1s.<\/p>\n","protected":false},"excerpt":{"rendered":"<p>je remeseln\u00fd pivovar nadv\u00e4zuj\u00faci na trad\u00edciu varenia piva v kr\u00e1\u013eovskom meste Skalici. Svoj\u00edm menom odkazuje na meno posledn\u00e9ho n\u00e1jomcu skalick\u00e9ho mestsk\u00e9ho pivovaru. Je umiestnen\u00fd v me\u0161tianskom dome na rohu ul\u00edc Kr\u00e1\u013eovsk\u00e1 a Komensk\u00e9ho, ktor\u00fd po jeho po\u017eiari postavil Eli\u00e1\u0161 Berger, dvorn\u00fd historik troch R\u00edmskych cis\u00e1rov a Uhorsk\u00fdch kr\u00e1\u013eov Rudolfa II, Mateja II a Ferdinanda II, [&hellip;]<\/p>\n","protected":false},"author":1,"featured_media":0,"parent":0,"menu_order":0,"comment_status":"closed","ping_status":"closed","template":"","meta":{"footnotes":""},"class_list":["post-72","page","type-page","status-publish","hentry"],"_links":{"self":[{"href":"http:\/\/spicer.sk\/index.php?rest_route=\/wp\/v2\/pages\/72"}],"collection":[{"href":"http:\/\/spicer.sk\/index.php?rest_route=\/wp\/v2\/pages"}],"about":[{"href":"http:\/\/spicer.sk\/index.php?rest_route=\/wp\/v2\/types\/page"}],"author":[{"embeddable":true,"href":"http:\/\/spicer.sk\/index.php?rest_route=\/wp\/v2\/users\/1"}],"replies":[{"embeddable":true,"href":"http:\/\/spicer.sk\/index.php?rest_route=%2Fwp%2Fv2%2Fcomments&post=72"}],"version-history":[{"count":3,"href":"http:\/\/spicer.sk\/index.php?rest_route=\/wp\/v2\/pages\/72\/revisions"}],"predecessor-version":[{"id":126,"href":"http:\/\/spicer.sk\/index.php?rest_route=\/wp\/v2\/pages\/72\/revisions\/126"}],"wp:attachment":[{"href":"http:\/\/spicer.sk\/index.php?rest_route=%2Fwp%2Fv2%2Fmedia&parent=72"}],"curies":[{"name":"wp","href":"https:\/\/api.w.org\/{rel}","templated":true}]}}